{"id":488,"date":"2025-11-07T09:28:44","date_gmt":"2025-11-07T08:28:44","guid":{"rendered":"https:\/\/www.etnomed.dk\/?page_id=488"},"modified":"2025-11-16T09:35:36","modified_gmt":"2025-11-16T08:35:36","slug":"cote-dazur","status":"publish","type":"page","link":"https:\/\/www.etnomed.dk\/?page_id=488","title":{"rendered":"C\u00d4TE D\u2019AZUR"},"content":{"rendered":"\n<p><strong>TUREN ER<\/strong> <strong>UDSOLGT<\/strong>!<\/p>\n\n\n\n<p><\/p>\n\n\n\n<p>DEMS medlemsrejse efter\u00e5ret 2026 \u2013 C\u00d4TE D\u2019AZUR<\/p>\n\n\n\n<p>Oplev Sydfrankrigs gyldne kyst mellem bjerge og hav &#8211; 21. til 27. september 2026<\/p>\n\n\n\n<p><\/p>\n\n\n\n<p>Efter\u00e5rets medlemsrejse starter i Grasse og slutter i Menton.<\/p>\n\n\n\n<p>Naturen i baglandet mellem <strong>Grasse og Menton<\/strong> har bevaret sin oprindelige charme og byder p\u00e5 vidunderlige vandrestier med fantastiske udsigter. Her m\u00f8des <strong>bjerge og Middelhavet<\/strong> \u2013 i baggrunden rejser <strong>Mercantour-bjergene<\/strong> sig, mens blikket glider ud over det dybbl\u00e5 hav. En smuk kontrast og et paradis for naturelskere.<\/p>\n\n\n\n<p>Klimaet er mildt og solrigt, og landskabet bugner af <strong>mimosa, takstr\u00e6er, appelsin-, citron- og olivenlunde<\/strong>. Sm\u00e5 landsbyer klamrer sig til bjergsiderne, og dybe kl\u00f8fter som <strong>Canyon du Loup<\/strong> imponerer med brusende vandfald. Solen skinner n\u00e6sten altid p\u00e5 denne glitrende del af Sydfrankrig.<\/p>\n\n\n\n<p><strong>Grasse<\/strong>, kendt som <em>Frankrigs parfumeby<\/em>, giver et sp\u00e6ndende indblik i parfumens verden. Fra toppen af <strong>Courmettes<\/strong> ser du hele vejen fra <strong>Nice til Mandelieu<\/strong>, og undervejs p\u00e5 turen ledsages vi af panoramaudsigt over Middelhavet.<\/p>\n\n\n\n<p>Og det er i dette omr\u00e5de vi skal vandre i 5 dage.<\/p>\n\n\n\n<hr class=\"wp-block-separator has-alpha-channel-opacity\"\/>\n\n\n\n<p><strong>VANDRING \u2013 SV\u00c6RHEDSGRAD<\/strong><\/p>\n\n\n\n<p>Let til middel sv\u00e6rhedsgrad.<br>Daglige vandretider p\u00e5 <strong>3,5\u20135 timer<\/strong>.<br>Ruterne best\u00e5r af varierede h\u00f8jderygsstier, vandrestier og sm\u00e5veje, som er gode at g\u00e5 p\u00e5.<br>Kultur og natur kombineres smukt, og du b\u00f8r v\u00e6re i rimelig god form til de l\u00e6ngere etaper.<\/p>\n\n\n\n<hr class=\"wp-block-separator has-alpha-channel-opacity\"\/>\n\n\n\n<p><strong>REJSEINFORMATION<\/strong><\/p>\n\n\n\n<p><strong>Antal deltagere:<\/strong> 15 personer<\/p>\n\n\n\n<hr class=\"wp-block-separator has-alpha-channel-opacity\"\/>\n\n\n\n<p><strong>REJSEPLAN<\/strong><\/p>\n\n\n\n<p><strong>Dag 1 \u2013 Ankomst til Grasse mandag den 21. september<\/strong><\/p>\n\n\n\n<p>Velkommen til parfumens hovedstad! Brug dagen p\u00e5 at udforske de charmerende gader og duftende butikker.<\/p>\n\n\n\n<p><strong>Overnatning Grasse<\/strong><\/p>\n\n\n\n<hr class=\"wp-block-separator has-alpha-channel-opacity\"\/>\n\n\n\n<p><strong>Dag 2 \u2013 Grasse \u2192 Pont du Loup \u2192 Vence<\/strong><\/p>\n\n\n\n<p>\u23f1 ca. 4,5 t. | \ud83d\udeb6 17 km | \u2b06 500 m \u2b07 660 m<br>Kort bustur til startpunktet. Vi vandrer h\u00f8jt over Grasse mod bjerglandsbyen <strong>Bar sur Loup<\/strong>.<br>Bes\u00f8g kirken med alteret af <strong>Br\u00e8a<\/strong> og maleriet <em>\u201cDanse Macabre\u201d<\/em> fra 1400-tallet.<br>Mulighed for at tage \u201c<strong>Paradisets Sti<\/strong>\u201d til <strong>Gourdon<\/strong> \u2013 den ber\u00f8mte middelalderby kaldet \u201c\u00d8rnereden\u201d.<br>Herfra f\u00f8rer en eventyrlig sti gennem <strong>Wolf Gorge<\/strong> ned til <strong>Pont du Loup<\/strong>.<br>Transfer til <strong>Vence<\/strong>.<\/p>\n\n\n\n<p><strong>Overnatning Vence M<\/strong><\/p>\n\n\n\n<hr class=\"wp-block-separator has-alpha-channel-opacity\"\/>\n\n\n\n<p><strong>Dag 3 \u2013 Vence \u2192 Courmes \u2192 Vence<\/strong><\/p>\n\n\n\n<p>\u23f1 ca. 4,5 t. | \ud83d\udeb6 17 km | \u2b06 530 m \u2b07 740 m<br>Transfer til <strong>Courmes<\/strong> om morgenen. Herfra vandrer vi til toppen af <strong>Courmettes<\/strong>, et af omr\u00e5dets mest imponerende udsigtspunkter.<br>Nyd panoramaet fra <strong>Nice til Mandelieu<\/strong>, over <strong>Mercantour Nationalpark<\/strong> og Middelhavet.<br>P\u00e5 nedstigningen til Vence m\u00f8der vi duftende middelhavsvegetation og sm\u00e5 landsbyer som <strong>Cipi\u00e8re, Gr\u00e9oli\u00e8res og Coursegoule<\/strong>.<\/p>\n\n\n\n<p><strong>Overnatning Vence M<\/strong><\/p>\n\n\n\n<hr class=\"wp-block-separator has-alpha-channel-opacity\"\/>\n\n\n\n<p><strong>Dag 4 \u2013 Vence \u2192 Saint Jeannet<\/strong><\/p>\n\n\n\n<p>\u23f1 ca. 5 t. | \ud83d\udeb6 15 km | \u2b06 710 m \u2b07 880 m<br>Kort transfer til startpunktet. Dagen byder p\u00e5 storsl\u00e5ede udsigter fra <strong>Baou des Blancs, Baou des Gris og Baou de Saint Jeannet<\/strong>.<br>Du g\u00e5r gennem kalkstensomr\u00e5der, middelhavsvegetation og gamle stenbygninger, krydser den dybe <strong>Cagne-kl\u00f8ft<\/strong> og n\u00e5r den hyggelige landsby <strong>Saint Jeannet<\/strong>.<\/p>\n\n\n\n<p><strong>Overnatning Sainte-Agn\u00e8s M\/A<\/strong><\/p>\n\n\n\n<hr class=\"wp-block-separator has-alpha-channel-opacity\"\/>\n\n\n\n<p><strong>Dag 5 \u2013 Saint Jeannet \u2192 La Turbie \u2192 Sainte-Agn\u00e8s<\/strong><\/p>\n\n\n\n<p>\u23f1 ca. 4 t. | \ud83d\udeb6 15 km | \u2b06 890 m \u2b07 700 m<br>Efter en kort transfer til <strong>La Turbie<\/strong> g\u00e5r turen videre med fantastiske udsigter over <strong>Monaco<\/strong> og de middelalderlige byer <strong>Roquebrune<\/strong>, <strong>Cap Martin<\/strong> og <strong>Menton<\/strong>.<br>P\u00e5 toppen af <strong>Mont Baudon<\/strong> (1.200 m) f\u00e5r du et storsl\u00e5et vue over b\u00e5de bjerge og hav. Vandringen forts\u00e6tter via <strong>Gorbio<\/strong> \u2013 den h\u00f8jest beliggende landsby i omr\u00e5det \u2013 til <strong>Sainte-Agn\u00e8s<\/strong>.<\/p>\n\n\n\n<p><strong>Overnatning Sainte-Agn\u00e8s M\/A<\/strong><\/p>\n\n\n\n<p><a href=\"https:\/\/ca.wikiloc.com\/rutes-senderisme\/la-turbie-sainte-agnes-133850235\">https:\/\/ca.wikiloc.com\/rutes-senderisme\/la-turbie-sainte-agnes-133850235<\/a><\/p>\n\n\n\n<p><strong>Dag 6 \u2013 Sainte-Agn\u00e8s \u2192 Menton<\/strong><\/p>\n\n\n\n<p>\u23f1 ca. 3,5 t. | \ud83d\udeb6 14 km | \u2b06 430 m \u2b07 1.060 m<br>Den sidste vandreetape byder p\u00e5 en uforglemmelig nedstigning til <strong>Menton<\/strong>!<br>Indtil 1935 var denne sti den eneste adgang til havet. Du g\u00e5r gennem skiftende vegetation med duftende planter og udsigt over havet.<br>I Menton kan vi slentre gennem den gamle by og tage en forfriskende dukkert i Middelhavet.<\/p>\n\n\n\n<p>Overnatning Menton<\/p>\n\n\n\n<p><strong>Dag 7 \u2013 Afrejse 27. september s\u00f8ndag.<\/strong><\/p>\n\n\n\n<p>Tog til Nice lufthavn s\u00e5 vi kan n\u00e5 et fly hjem.<\/p>\n\n\n\n<p><strong>Transporten<\/strong><\/p>\n\n\n\n<p>Der er flere m\u00e5der at komme til Grasse p\u00e5. Enten kan man flyve til Nice og derfra tage bussen til vores hotel i Grasse. En anden mulighed er toget, hvor man ankommer til Paris om aftenen og n\u00e6ste morgen tager toget til Grasse.<\/p>\n\n\n\n<p>Charlotte og jeg tager toget l\u00f8rdag den 19. september til Paris og sover der to n\u00e6tter, inden vi tager toget videre til Grasse, mandag morgen. Har man lyst til at f\u00f8lges ned med os i tog booker jeg gerne b\u00e5de togbilletter samt hotel i Paris. Jeg t\u00e6nker vi kan spise f\u00e6llesmiddag om s\u00f8ndagen, men ellers er der ikke planlagt noget for dagen.<\/p>\n\n\n\n<p>Ang\u00e5ende hjemrejsen, tager vi flyet hjem den 27. f\u00f8rst p\u00e5 aftenen og har hj\u00e6lper jeg ogs\u00e5 gerne med at booke fly. Det er nemt at komme fra Menton til Nice lufthavn, der g\u00e5r tog og det tager en times tid.<strong>PRIS<\/strong><\/p>\n\n\n\n<hr class=\"wp-block-separator has-alpha-channel-opacity\"\/>\n\n\n\n<p><strong>Pris <\/strong><\/p>\n\n\n\n<p>Pris: 10.395,- bem\u00e6rk inkl. halvpension (uden drikkevare<\/p>\n\n\n\n<p>Hertil kommer fly og togbilletter.<\/p>\n\n\n\n<p>Lidt lokal transport skal man selv betale.<\/p>\n\n\n\n<p>Fly koster i dag ca. 1.800 tur\/retur og ca. 1000 kr. one way.<\/p>\n\n\n\n<p>Togpriser er ikke opgivet p\u00e5 dette tidspunkt, men forventer ca. 1.200 K\u00f8benhavn &#8211; Grasse<\/p>\n\n\n\n<p>Till\u00e6g for enkeltv\u00e6relse: kr. 3.535<\/p>\n\n\n\n<p><strong>INKLUDERET I PRISEN<\/strong><\/p>\n\n\n\n<p>\u2705 2 n\u00e6tter p\u00e5 <strong>4<\/strong><strong>\u2605<\/strong><strong> <\/strong>hoteller (Grasse og Menton)<br>\u2705 4 n\u00e6tter p\u00e5 charmerende <strong>2<\/strong><strong>\u2605<\/strong><strong>\u20133<\/strong><strong>\u2605<\/strong><strong> <\/strong>hoteller og kroer<br>\u2705 Morgenmad hver dag<br>\u2705 6 middage<br>\u2705 Bagagetransport (1 stk. pr. person)<br>\u2705 Transfers if\u00f8lge program<br>\u2705 Digitale rejsedokumenter med GPS-data, app og rutebog<br>\u2705 Turistskat (hvis p\u00e5kr\u00e6vet)<br>\u2705 Service-hotline under rejsen<\/p>\n\n\n\n<hr class=\"wp-block-separator has-alpha-channel-opacity\"\/>\n\n\n\n<p><strong>TILL\u00c6GSMULIGHEDER<\/strong><\/p>\n\n\n\n<p>\ud83d\udcd8 Trykt rutebog <strong>\u2013 <\/strong>EUR 30 pr. v\u00e6relse<br><br><\/p>\n","protected":false},"excerpt":{"rendered":"<p>TUREN ER UDSOLGT! DEMS medlemsrejse efter\u00e5ret 2026 \u2013 C\u00d4TE D\u2019AZUR Oplev Sydfrankrigs gyldne kyst mellem bjerge og hav &#8211; 21. til 27. september 2026 Efter\u00e5rets medlemsrejse starter i Grasse og [&hellip;]<\/p>\n","protected":false},"author":1,"featured_media":0,"parent":0,"menu_order":0,"comment_status":"closed","ping_status":"closed","template":"","meta":{"footnotes":""},"class_list":["post-488","page","type-page","status-publish","hentry"],"_links":{"self":[{"href":"https:\/\/www.etnomed.dk\/index.php?rest_route=\/wp\/v2\/pages\/488","targetHints":{"allow":["GET"]}}],"collection":[{"href":"https:\/\/www.etnomed.dk\/index.php?rest_route=\/wp\/v2\/pages"}],"about":[{"href":"https:\/\/www.etnomed.dk\/index.php?rest_route=\/wp\/v2\/types\/page"}],"author":[{"embeddable":true,"href":"https:\/\/www.etnomed.dk\/index.php?rest_route=\/wp\/v2\/users\/1"}],"replies":[{"embeddable":true,"href":"https:\/\/www.etnomed.dk\/index.php?rest_route=%2Fwp%2Fv2%2Fcomments&post=488"}],"version-history":[{"count":5,"href":"https:\/\/www.etnomed.dk\/index.php?rest_route=\/wp\/v2\/pages\/488\/revisions"}],"predecessor-version":[{"id":498,"href":"https:\/\/www.etnomed.dk\/index.php?rest_route=\/wp\/v2\/pages\/488\/revisions\/498"}],"wp:attachment":[{"href":"https:\/\/www.etnomed.dk\/index.php?rest_route=%2Fwp%2Fv2%2Fmedia&parent=488"}],"curies":[{"name":"wp","href":"https:\/\/api.w.org\/{rel}","templated":true}]}}