{"id":475,"date":"2025-07-16T09:03:30","date_gmt":"2025-07-16T07:03:30","guid":{"rendered":"https:\/\/www.etnomed.dk\/?page_id=475"},"modified":"2025-07-27T12:09:19","modified_gmt":"2025-07-27T10:09:19","slug":"den-tyrkiske-patient","status":"publish","type":"page","link":"https:\/\/www.etnomed.dk\/?page_id=475","title":{"rendered":"Den Tyrkiske Patient"},"content":{"rendered":"\n<p>Den Tyrkiske Patient.     <strong>KURSET ER UDSOLGT<\/strong><\/p>\n\n\n\n<p>Vi er alle p\u00e5virkede af vores overleverede og oplevede virkelighed, hvilket narrativ medicin hj\u00e6lper med at afklare og dermed facilitere et bedre f\u00e6lles grundlag for m\u00f8det mellem behandler og patient.<br>For sundhedsv\u00e6senet er det vigtigt at forst\u00e5 patienter fra andre kulturer.<br>Dette kursus vil ved at bruge narrativ medicin medvirke til forst\u00e5else af vore tyrkiske patienter.<br>Vi har en kursusdag i K\u00f8benhavn og efterf\u00f8lgende vandretur i Tyrkiet med Walk and Talk om emnet.<\/p>\n\n\n\n<p>Vi vil, s\u00f8ge om godkendelse for kursusdagen, som bliver i Roskilde eller K\u00f8benhavn<\/p>\n\n\n\n<ol start=\"4\" class=\"wp-block-list\">\n<li>maj 2026<br>Kursusdag i K\u00f8benhavn<br>Program f\u00f8lger:<br>Undervisere:<br>Lotte Hvass<br>Anders Juhl Rasmussen<br>Adil Erdem<\/li>\n<\/ol>\n\n\n\n<p><\/p>\n\n\n\n<p>5.\u201311. maj 2026<\/p>\n\n\n\n<p>Dag-til-dag program<\/p>\n\n\n\n<p>05\/05 \u2013 Dag 1: Afrejse fra K\u00f8benhavn<br>Afrejse fra K\u00f8benhavn med Turkish Airlines kl. 1025 for via Istanbul at flyve til Antalya med ankomst kl. 1755. Transfer til pensionatet i \u00c7\u0131ral\u0131 (1,5 time).<br>Middag og overnatning p\u00e5 K\u0131y\u0131 Pension, \u00c7\u0131ral\u0131: http:\/\/www.kiyipansiyon.com<\/p>\n\n\n\n<p>06\/05 \u2013 Dag 2: Ulup\u0131nar \u2013 \u00c7\u0131ral\u0131 (8 km \/ 3 t \/ +210m \/ -435m)<br>Transfer til startpunktet (30 min). Herfra g\u00e5r turen mest nedad mod Yanarta\u015f, en fin vandretur ned til Chimaeras med de evige flammer. Undervejs Walk and Talk<br>Turen slutter ved stranden i \u00c7\u0131ral\u0131.<br>Picnic inkluderet.<br>Eftermiddag: Workshop i tyrkisk litteratur.<br>Middag og overnatning samme sted.<\/p>\n\n\n\n<p>07\/05 \u2013 Dag 3: Maden-stranden \u2013 \u00c7\u0131ral\u0131 (8 km \/ 3 t \/ +380m \/ -380m)<br>Vi sejler ud til Maden-stranden \u00f8st for \u00c7\u0131ral\u0131. Herfra vandrer vi tilbage langs kyststien til \u00c7\u0131ral\u0131.<br>Walk and Talk<br>Om eftermiddagen bes\u00f8ger vi ruinerne af Olympos, en tidligere piratby med templer, grave og paladser skjult i frodig vegetation.<br>Picnic inkluderet.<br>Middag og overnatning samme sted.<\/p>\n\n\n\n<p>08\/05 \u2013 Dag 4: Kyaneia \u2013 Hoyran (8 km \/ 3\u20134 t \/ +120m \/ -330m) &amp; antikke Hoyran<br>Kort transfer (15 min) til ruinbyen Kyaneia. Herfra g\u00e5r vi smukt, ad gamle stier og veje, til Hoyran.<br>Walk and Talk<br>Picnic inkluderet.<br>Middag og overnatning p\u00e5 Hoyran Wedre Country Houses, Hoyran.<\/p>\n\n\n\n<p>09\/05 \u2013 Dag 5: Hoyran \u2013 Kapakl\u0131 \u2013 Simena (12 km \/ 4,5 t \/ +150m \/ -650m)<br>Vi f\u00f8lger Lycian Way ned mod Kapakl\u0131 med udsigt til \u00f8er og Kekova-bugten. Vi slutter dagens vandring i den bilfri landsby Simena. I Simena ligger endvidere ruinerne af en korsfarerborg bygget p\u00e5 en antik nekropolis.<br>Picnic inkluderet.<br>Middag og overnatning p\u00e5 Ankh Pension, Simena.<\/p>\n\n\n\n<p>10\/05 \u2013 Dag 6: Apollonia \u2013 Aperlai (7 km \/ 2,5 t \/ +50m \/ -400m), Sunkne By &amp; musikworkshop<br>Transfer til K\u0131l\u0131\u00e7l\u0131 (35 min).<br>Herfra bestiges Apollonia\u2019s akropolis, og vi vandrer ned til ruinerne ved Aperlai. Herefter sejler vi ud i Kekova-lagunen og ser den sunkne by.<br>Barbeque frokost.<br>Middag og overnatning p\u00e5 Ankh Pension, Simena.<\/p>\n\n\n\n<p>11\/05 \u2013 Dag 7: Hjemrejse<br>Transfer til Antalya Lufthavn (4 timer).<br>Vi n\u00e5r fly kl. 17:25 for via Istanbul at flyve til K\u00f8benhavn med ankomst kl. 23:35<\/p>\n\n\n\n<p>Pris<br>Ca. kr. 19.800,-<br>Till\u00e6g for enkeltv\u00e6relse kr. 2.250,-<\/p>\n\n\n\n<p>Inkluderet:<br>Danmark<br>Kursusdag i K\u00f8benhavn 4. maj<\/p>\n\n\n\n<p>Flybillet<br>K\u00f8benhavn \u2013 Antalya retur p\u00e5 \u00f8konomiklasse med Turkish Airlines<\/p>\n\n\n\n<p>Tyrkiet<br>\u2022 Transfer ved ankomst: Antalya \u2013 \u00c7\u0131ral\u0131<br>\u2022 Transfer ved afrejse: Simena \u2013 Antalya<br>\u2022 Alle transporter og bagagetransport i henhold til program<br>\u2022 6 n\u00e6tter med halvpension (morgenmad og aftensmad)<br>\u2022 6 x frokost (picnic eller restaurant)<br>\u2022 B\u00e5dtur til Maden-stranden<br>\u2022 Sejltur til Sunkne By i Kekova<br>\u2022 Workshops i tyrkisk litteratur og musik<br>\u2022 Engelsktalende guide<br>\u2022 Privat bil med chauff\u00f8r (inkl. br\u00e6ndstof)<\/p>\n\n\n\n<p>Ikke inkluderet:<br>\u2022 Sodavand og alkoholiske drikke under m\u00e5ltider<br>\u2022 Entr\u00e9 til historiske steder, museer og drikkepenge<\/p>\n\n\n\n<p>Deltagerantal 17<\/p>\n\n\n\n<p>Kursusledelse:<br>Frederik Zeuthen<br>Jett\u0119 Malinovsky<br>Caspar Sutton<\/p>\n\n\n\n<p>Tilmelding til Frederik Zeuthen d134899@dadlnet.dk<\/p>\n\n\n\n<p><\/p>\n","protected":false},"excerpt":{"rendered":"<p>Den Tyrkiske Patient. KURSET ER UDSOLGT Vi er alle p\u00e5virkede af vores overleverede og oplevede virkelighed, hvilket narrativ medicin hj\u00e6lper med at afklare og dermed facilitere et bedre f\u00e6lles grundlag [&hellip;]<\/p>\n","protected":false},"author":1,"featured_media":0,"parent":0,"menu_order":0,"comment_status":"closed","ping_status":"closed","template":"","meta":{"footnotes":""},"class_list":["post-475","page","type-page","status-publish","hentry"],"_links":{"self":[{"href":"https:\/\/www.etnomed.dk\/index.php?rest_route=\/wp\/v2\/pages\/475","targetHints":{"allow":["GET"]}}],"collection":[{"href":"https:\/\/www.etnomed.dk\/index.php?rest_route=\/wp\/v2\/pages"}],"about":[{"href":"https:\/\/www.etnomed.dk\/index.php?rest_route=\/wp\/v2\/types\/page"}],"author":[{"embeddable":true,"href":"https:\/\/www.etnomed.dk\/index.php?rest_route=\/wp\/v2\/users\/1"}],"replies":[{"embeddable":true,"href":"https:\/\/www.etnomed.dk\/index.php?rest_route=%2Fwp%2Fv2%2Fcomments&post=475"}],"version-history":[{"count":4,"href":"https:\/\/www.etnomed.dk\/index.php?rest_route=\/wp\/v2\/pages\/475\/revisions"}],"predecessor-version":[{"id":484,"href":"https:\/\/www.etnomed.dk\/index.php?rest_route=\/wp\/v2\/pages\/475\/revisions\/484"}],"wp:attachment":[{"href":"https:\/\/www.etnomed.dk\/index.php?rest_route=%2Fwp%2Fv2%2Fmedia&parent=475"}],"curies":[{"name":"wp","href":"https:\/\/api.w.org\/{rel}","templated":true}]}}