{"id":448,"date":"2025-03-28T09:39:06","date_gmt":"2025-03-28T08:39:06","guid":{"rendered":"https:\/\/www.etnomed.dk\/?page_id=448"},"modified":"2025-03-28T10:30:37","modified_gmt":"2025-03-28T09:30:37","slug":"japan","status":"publish","type":"page","link":"https:\/\/www.etnomed.dk\/?page_id=448","title":{"rendered":"JAPAN"},"content":{"rendered":"\n<p><strong>Rejseprogram i Japan<\/strong><\/p>\n\n\n\n<p>&nbsp;<strong><em>S\u00f8ndag 21. september<\/em><\/strong><\/p>\n\n\n\n<p>Afrejse fra K\u00f8benhavn med Finnair \u2013 midt p\u00e5 dagen<\/p>\n\n\n\n<p>&nbsp;<strong><em>Mandag 22. september<\/em><\/strong><\/p>\n\n\n\n<p>Ankomst i Tokyo, charter-bus til Hotel Musse Meitetsu Ginza<\/p>\n\n\n\n<p><a href=\"https:\/\/da.hotels.com\/ho652575360\/hotel-musse-ginza-meitetsu-tokyo-japan\/\">https:\/\/da.hotels.com\/ho652575360\/hotel-musse-ginza-meitetsu-tokyo-japan\/<\/a>(fire overnatninger)<\/p>\n\n\n\n<p>Spadseretur i Ginza-omr\u00e5det med Hibiya Park, kejserpaladset, Tokyo International Forum, shopping-kvarter og restauranter.<\/p>\n\n\n\n<p>Check-in og velkomstmiddag.<\/p>\n\n\n\n<p>&nbsp;<strong><em>Tirsdag 23. september<\/em><\/strong><\/p>\n\n\n\n<p>Sightseeing-tur med metro og anden offentlig transport:&nbsp;<\/p>\n\n\n\n<p>Det gamle Tokyo, Asakusa (inklusive Sensoji-templet, k\u00f8kkengaden Kappabashi og det forhenv\u00e6rende geisha-kvarter Yoshihara)&nbsp;<\/p>\n\n\n\n<p>River cruise ud til det nye Tokyo, Odaiba, p\u00e5 indd\u00e6mmet \u00f8 i Tokyo-bugten. Halvsen frokost p\u00e5 egen h\u00e5nd i \u201dfood course\u201d<\/p>\n\n\n\n<p>Evt. Akihabara p\u00e5 vej tilbage.<\/p>\n\n\n\n<p>Middag p\u00e5 egen h\u00e5nd.<\/p>\n\n\n\n<p>&nbsp;<strong><em>Onsdag 24. september (faglig dag)<\/em><\/strong><\/p>\n\n\n\n<p>Fagligt bes\u00f8g hos forskere i sund aldring p\u00e5 enten Tokyo Universitet, Nihon Universitet eller Toho Universitet \u2013 eller et helt fjerde universitet. Jeg kontakter folk p\u00e5 basis af input fra foredragsholder\/Elsebeth\/Marianne.<\/p>\n\n\n\n<p>M\u00e5ltider p\u00e5 egen h\u00e5nd.<\/p>\n\n\n\n<p>&nbsp;<strong><em>Torsdag 25. september<\/em><\/strong><\/p>\n\n\n\n<p>Sightseeing og shopping p\u00e5 egen h\u00e5nd. M\u00e5ltider p\u00e5 egen h\u00e5nd, medmindre man deltager i sushi-aftenen.<\/p>\n\n\n\n<p>Optional: Asger viser rundt ved Yasukuni-helligdommen\/ Yushukan-museet og l\u00e6gger op til en snak om krigshistorie og politik.<\/p>\n\n\n\n<p>Optional: Sushi-aften p\u00e5 traditionel restaurant i Higashi-Ginza t\u00e6t ved det gamle fiskemarked. Asger kender stedet og laver aftalen. Der bliver noget med at melde sig til p\u00e5 forh\u00e5nd.<\/p>\n\n\n\n<p><strong><em>&nbsp;Fredag 26. september (faglig dag)<\/em><\/strong><\/p>\n\n\n\n<p>Shinkansen fra Tokyo Station til formentlig Matsumoto Station. Lidt b\u00f8vlet med stor bagage i toget. Man burde overveje at sende bagagen med fragt \u2013 men s\u00e5 har vi den n\u00e6ppe samme aften.<\/p>\n\n\n\n<p>En chartret bus samler os op i Matsumoto.<\/p>\n\n\n\n<p>Bustur til en kommune i Nagano Amt (formentlig Matsumoto, Saku, Sazuka eller Nagano selv), hvor vi for eksempel bes\u00f8ger et hospital\/\u00e6ldrecenter og m\u00f8des med en lokal gruppe af frivillige. Denis er i kontakt med mulig lokal arrang\u00f8r.<\/p>\n\n\n\n<p>Ved aftenstide k\u00f8rer samme bus os videre til vores traditionelle ryokan, japansk kro, ved Kamikochi. Middag inkluderet.<\/p>\n\n\n\n<p><a href=\"http:\/\/www.kamikouchi-onsen-spa.com\/index.html\">http:\/\/www.kamikouchi-onsen-spa.com\/index.html<\/a>&nbsp;(fire overnatninger)<\/p>\n\n\n\n<p>(m\u00e5ske ender det med et andet ryokan\/hotel i omr\u00e5det)<\/p>\n\n\n\n<p><strong><em>&nbsp;L\u00f8rdag 27. september<\/em><\/strong><\/p>\n\n\n\n<p>Med hotellets shuttle-bus til Kamikochi-dalen.&nbsp;<\/p>\n\n\n\n<p>Rundtur langs floden med fabelagtig udsigt til fire af Japans h\u00f8jeste bjerge &#8211; med lokal naturguide.<\/p>\n\n\n\n<p>Shuttle-bus tilbage.&nbsp;<\/p>\n\n\n\n<p>Middag inkluderet.<\/p>\n\n\n\n<p>&nbsp;<strong><em>S\u00f8ndag 28. september<\/em><\/strong><\/p>\n\n\n\n<p>Med hotellets shuttle-bus til Kamikochi-dalen. Trekking i Kamikochi-dalen.&nbsp;Forskellige mulige dagture foresl\u00e5s, blandt andet lidt op i tinderne, men altid p\u00e5 anviste stier.&nbsp;Shuttle-bus tilbage.&nbsp;<\/p>\n\n\n\n<p>Middag inkluderet.<\/p>\n\n\n\n<p><strong><em>&nbsp;Mandag 29. september<\/em><\/strong><\/p>\n\n\n\n<p>Vandretur p\u00e5 Mount Yake, 11 lidt barske kilometer for dem, der har mod p\u00e5 det.&nbsp;<\/p>\n\n\n\n<p>Middag inkluderet.<\/p>\n\n\n\n<p>&nbsp;<strong><em>Tirsdag 30. september<\/em><\/strong><\/p>\n\n\n\n<p>Afgang med charterbus gennem De Japanske Alper.<\/p>\n\n\n\n<p>To timers stop med frokost (p\u00e5 egen regning) og sightseeing i den ber\u00f8mte landsby Shirakawa-go med dens str\u00e5t\u00e6kte huse.<\/p>\n\n\n\n<p>Ankomst til Kanazawa midt p\u00e5 eftermiddagen. Derefter g\u00e5tur i den smukke Kenrokuen-have i Kanazawa.<\/p>\n\n\n\n<p>Check-in p\u00e5 hotel i Kanazawa.&nbsp;<\/p>\n\n\n\n<p><a href=\"https:\/\/www.ihg.com\/crowneplaza\/hotels\/us\/en\/ishikawa\/qkwja\/hoteldetail?cm_mmc=GoogleMaps-_-CP-_-JP-_-QKWJA\">https:\/\/www.ihg.com\/crowneplaza\/hotels\/us\/en\/ishikawa\/qkwja\/hoteldetail?cm_mmc=GoogleMaps-_-CP-_-JP-_-QKWJA<\/a>&nbsp;(en overnatning)<\/p>\n\n\n\n<p>Spadseretur i byens gamle kvarter om aftenen.&nbsp;<\/p>\n\n\n\n<p>Middag p\u00e5 egen h\u00e5nd.<\/p>\n\n\n\n<p>&nbsp;<strong><em>Onsdag 1. oktober<\/em><\/strong><\/p>\n\n\n\n<p>Videre med samme charterbus til Amanohashidate ved kysten.&nbsp;<\/p>\n\n\n\n<p>Turisme i omr\u00e5det, tempel og udsigt. Sightseeing ved den ber\u00f8mte landtange, som opfattes som et af de tre mest natursk\u00f8nne steder i Japan.<\/p>\n\n\n\n<p>Check-in p\u00e5 Hotel Mercure Kyoto Maizuru<\/p>\n\n\n\n<p><a href=\"https:\/\/all.accor.com\/hotel\/C1P6\/index.en.shtml\">https:\/\/all.accor.com\/hotel\/C1P6\/index.en.shtml<\/a>&nbsp;(en overnatning)<\/p>\n\n\n\n<p>Inkluderet middag.<\/p>\n\n\n\n<p>&nbsp;<strong><em>Torsdag 2. oktober (faglig dag)<\/em><\/strong><\/p>\n\n\n\n<p>Lokal charterbus&nbsp;<\/p>\n\n\n\n<p>Formiddag: Bes\u00f8g i den lille by Kyotango, hvor vi m\u00f8der nogle af de lokale \u00e6ldre, som er ber\u00f8mte for at leve meget l\u00e6nge, og h\u00f8rer om deres hverdag. Denis er bragt i kontakt med Kyoto-by-the-sea-kontor i Kyoto amt.<\/p>\n\n\n\n<p>Eventuelt i f\u00f8lgeskab med forsker(e) fra Kyoto Universitet, der har deltaget i det s\u00e5kaldte Kyotango-projekt. Jeg har kontakt med hovedmanden, som ikke har tid \u2013 men jeg h\u00e5ber, han kan finde andre deltagere i projektet.<\/p>\n\n\n\n<p>Eftermiddag: Vidererejse til Kyoto med samme bus.<\/p>\n\n\n\n<p>Check-in i Kyoto p\u00e5 centralt beliggende hotel.&nbsp;<\/p>\n\n\n\n<p><a href=\"https:\/\/www.booking.com\/hotel\/jp\/hoterumiyutusejing-du-si-tiao-he-yuan-ting-ming-tie.da.html\">https:\/\/www.booking.com\/hotel\/jp\/hoterumiyutusejing-du-si-tiao-he-yuan-ting-ming-tie.da.html<\/a>&nbsp;(To overnatninger)<\/p>\n\n\n\n<p>Hurtig middag p\u00e5 egen h\u00e5nd.<\/p>\n\n\n\n<p>Aftenm\u00f8de p\u00e5 hotellet eller et andet sted i Kyoto med Nobu Ishiguro, dansktalende japansk ekspert i dansk sundhedsv\u00e6sen, god til sammenligninger.<\/p>\n\n\n\n<p>&nbsp;<strong><em>Fredag 3. oktober<\/em><\/strong><\/p>\n\n\n\n<p>Heldags-turisme i Kyoto med offentlig transport\/taxi.<\/p>\n\n\n\n<p>Morgentur til et n\u00e6rliggende tempel (Yasaka-helligdommen?)<\/p>\n\n\n\n<p>Derefter tentativt Nijo-borgen, Nishiki-f\u00f8devaremarkedet, shopping\/cafe i centrum og geisha-kvarteret Gion (kan godt t\u00e6nkes at blive noget helt andet\u2026) \u2013 frokost p\u00e5 egen h\u00e5nd undervejs.<\/p>\n\n\n\n<p>F\u00e6lles afskedsmiddag med maiko, Denis arrangerer.<\/p>\n\n\n\n<p>&nbsp;<strong><em>L\u00f8rdag 4. oktober<\/em><\/strong><\/p>\n\n\n\n<p>Fridag til shopping og sightseeing i sidste \u00f8jeblik. Asger giver r\u00e5d og vejledning ved morgenmaden. Bagage deponeres p\u00e5 hotellet hele dagen. M\u00e5ltider p\u00e5 egen h\u00e5nd.<\/p>\n\n\n\n<p>Charterbus til Kansai-lufthavnen. Hjemrejse.<\/p>\n\n\n\n<p>Pris kr. 40.500,- inklusiv kursusdag i K\u00f8benhavn.<\/p>\n\n\n\n<p><\/p>\n","protected":false},"excerpt":{"rendered":"<p>Rejseprogram i Japan &nbsp;S\u00f8ndag 21. september Afrejse fra K\u00f8benhavn med Finnair \u2013 midt p\u00e5 dagen &nbsp;Mandag 22. september Ankomst i Tokyo, charter-bus til Hotel Musse Meitetsu Ginza https:\/\/da.hotels.com\/ho652575360\/hotel-musse-ginza-meitetsu-tokyo-japan\/(fire overnatninger) Spadseretur [&hellip;]<\/p>\n","protected":false},"author":1,"featured_media":0,"parent":0,"menu_order":0,"comment_status":"closed","ping_status":"closed","template":"","meta":{"footnotes":""},"class_list":["post-448","page","type-page","status-publish","hentry"],"_links":{"self":[{"href":"https:\/\/www.etnomed.dk\/index.php?rest_route=\/wp\/v2\/pages\/448","targetHints":{"allow":["GET"]}}],"collection":[{"href":"https:\/\/www.etnomed.dk\/index.php?rest_route=\/wp\/v2\/pages"}],"about":[{"href":"https:\/\/www.etnomed.dk\/index.php?rest_route=\/wp\/v2\/types\/page"}],"author":[{"embeddable":true,"href":"https:\/\/www.etnomed.dk\/index.php?rest_route=\/wp\/v2\/users\/1"}],"replies":[{"embeddable":true,"href":"https:\/\/www.etnomed.dk\/index.php?rest_route=%2Fwp%2Fv2%2Fcomments&post=448"}],"version-history":[{"count":3,"href":"https:\/\/www.etnomed.dk\/index.php?rest_route=\/wp\/v2\/pages\/448\/revisions"}],"predecessor-version":[{"id":467,"href":"https:\/\/www.etnomed.dk\/index.php?rest_route=\/wp\/v2\/pages\/448\/revisions\/467"}],"wp:attachment":[{"href":"https:\/\/www.etnomed.dk\/index.php?rest_route=%2Fwp%2Fv2%2Fmedia&parent=448"}],"curies":[{"name":"wp","href":"https:\/\/api.w.org\/{rel}","templated":true}]}}