{"id":399,"date":"2023-11-12T14:56:11","date_gmt":"2023-11-12T13:56:11","guid":{"rendered":"https:\/\/www.etnomed.dk\/?page_id=399"},"modified":"2023-11-12T15:03:22","modified_gmt":"2023-11-12T14:03:22","slug":"mosel","status":"publish","type":"page","link":"https:\/\/www.etnomed.dk\/?page_id=399","title":{"rendered":"Mosel"},"content":{"rendered":"\n<figure class=\"wp-block-image size-large\"><img loading=\"lazy\" decoding=\"async\" width=\"1024\" height=\"204\" src=\"https:\/\/www.etnomed.dk\/wp-content\/uploads\/2023\/11\/image-1-1024x204.png\" alt=\"\" class=\"wp-image-405\" srcset=\"https:\/\/www.etnomed.dk\/wp-content\/uploads\/2023\/11\/image-1-1024x204.png 1024w, https:\/\/www.etnomed.dk\/wp-content\/uploads\/2023\/11\/image-1-300x60.png 300w, https:\/\/www.etnomed.dk\/wp-content\/uploads\/2023\/11\/image-1-768x153.png 768w, https:\/\/www.etnomed.dk\/wp-content\/uploads\/2023\/11\/image-1.png 1280w\" sizes=\"auto, (max-width: 1024px) 100vw, 1024px\" \/><\/figure>\n\n\n\n<p>DESCRIPTION\u00a0<\/p>\n\n\n\n<p>High-altitude paths with fabulous views onto the Mosel-river bends, vineyards, wooded mountain chains,countless castles and the best panorama-viewpointsabove the water: your hiking week between Trier anCoblenz is packed full with highlights. You discover idylliclittle villages featuring half-timber houses, hike throughunique evergreen boxtree forests, ascend rocky steeppaths and cross Europe\u2019s steepest vineyards. Impressiveplaces for a rest and viewpoint pavilions await with stupendous views reaching far into the distance, and quaint wine bars invite you to enjoy the marvelous Mosel wine. With Trier, Germany\u2019s oldest town, the popular Eltz<\/p>\n\n\n\n<p>castle, as well as the historic Roman high-altitude settlements and temple complex in the mix, you are sure to not miss out on the cultural delights. Look forward to<\/p>\n\n\n\n<p>fantastic hiking tours between the mountain ranges of the river Eifel, the Hunsr\u00fcck and the Moselriver valley!<\/p>\n\n\n\n<p>HIGHLIGHTS<\/p>\n\n\n\n<p>The mild climate along the Moselsteig not only allowsfirst-class wine to thrive, but also wild boxwood. Experience nature with all your senses, enjoy the panoramas and admire the timber-framed architecture.<\/p>\n\n\n\n<p>CHARACTERISTICS OF THE ROUTE MOUNTAIN HIKING<\/p>\n\n\n\n<p>You mainly walk on well-maintained hiking paths and trails, on graveled vineyard paths and remote forest paths. The panoramic paths featuring great views lead you in parts across steep terrain and rocks, here surefootedness is a prerequisite. The ascents and descents of the mountain ranges of the Mosel river valley are mastered easily with a good basic fitness level. Daily tours can easily and comfortably be cut short by train any time.<\/p>\n\n\n\n<p>ARRIVAL \/ PARKING \/ DEPARTURE<\/p>\n\n\n\n<p>Arrival by train in Trier&nbsp;<\/p>\n\n\n\n<p>Parking: limited number of hotel parking spaces, approx. EUR 15 per day, no reservation possible. Public<\/p>\n\n\n\n<p>parking spaces, approx. EUR 15 per day.&nbsp;<\/p>\n\n\n\n<p>SPECIAL COURSE GROUP DEMS WITH 7 DAYS \/ 6 NIGHTS<\/p>\n\n\n\n<p>Itinerary<\/p>\n\n\n\n<p>27.05.: Arrival in Trier<\/p>\n\n\n\n<p>28.05.: Trier \u2013 Bullay<\/p>\n\n\n\n<p>29.05.: Circular walk Bullay<\/p>\n\n\n\n<p>30.05.: Bullay \u2013 Cochem<\/p>\n\n\n\n<p>31.05.: Circular Walk Cochem<\/p>\n\n\n\n<p>01.06.: Cochem &#8211; Treis Karden<\/p>\n\n\n\n<p>02.06.: Departure or extra days<\/p>\n\n\n\n<p>ITINERARY<\/p>\n\n\n\n<p>Day 1: Arrival in Trier<\/p>\n\n\n\n<p>Som jeg kan se det efter vinterk\u00f8rerplanen s\u00e5 er der tog fra K\u00f8benhavn kl. 0726 til Hamborg med ankomst kl. 1206 og videre til Frankfurt kl. 1228. Her skiftes til Trier hvortil vi ankommer kl. 2140.<\/p>\n\n\n\n<p>Afgang fra \u00c5rhus kl. 0745 og videre til Frankfurt kl. 1228 &#8211; samme tider som K\u00f8benhavnerne.<\/p>\n\n\n\n<p>Afgang fra \u00c5lborg kl. 0605 og videre til Frankfurt kl. 1228 samme tider som ovenfor.<\/p>\n\n\n\n<p>Afgang fra Herning kl. 0649 &#8211; samme tider som ovenfor.<\/p>\n\n\n\n<p>Trier, Germany\u2019s oldest city, entices you with numerous historic sights. We highly recommend you visit the famous\u201a Porta Nigra, Roman excavations and the opulent St. Peter\u2019s Cathedral. A stroll through the bustling historic centre is the perfect way to prepare for the upcoming hiking week.<\/p>\n\n\n\n<p>Hotel (example): Deutscher Hof<\/p>\n\n\n\n<p>Day 2: Trier \u2013 Bullay<\/p>\n\n\n\n<p>Details: approx. 5 hours| 17 km | \u00ad 450 m \u00af 450 m<\/p>\n\n\n\n<p>To start off your holiday you cross the river Mosel and ascend to the colorful sandstone rock located at the Trierer Stadtwald-forest. Along a marvelous high-altitude path with views into the depth onto the river Mosel and views into the distance all the way onto the Hunsr\u00fcck- mountain range you proceed to Biewer and the Eifel-foothills. You hike through&nbsp; extensive forests and plateaus all the way to the \u201aEhranger Kanzel\u2018 and downhill to the river Kyll, onwards through the Eifel-forests onwards to Schweich. By train you reach the charming village on the river Mosel Bullay with its numerous<\/p>\n\n\n\n<p>inns called \u201aStrau\u00dfwirtschaften\u2018.<\/p>\n\n\n\n<p>Hotel (example): Feriendomizil am Lindenplatz<\/p>\n\n\n\n<p>Day 3: Circular walk Bullay<\/p>\n\n\n\n<p>Details: approx. 5 hours | 15 km | \u00ad 500 m \u00af 500 m<\/p>\n\n\n\n<p>You reach the start of the tour via the legendary Mosel wine railway and cross Germany\u2019s longest hanging viaduct<\/p>\n\n\n\n<p>in the art-deco town Traben-Trabach. You ascend on steep terrain to Grevenstein castle and proceed on the \u201aFranzosensteig\u2018-trail via spiral staircases and via ferratas straight through the ruins. Spectacular too is the view into the depth down to the river. An alpine hiking section along the ridge Kirster Grat leads you accompanied with great<\/p>\n\n\n\n<p>views to Enkirch, where we highly recommend you visit the historic half-timber houses. Onwards through wine growing areas and the vineyards you proceed to Bullay, where a wine tasting of the best Mosel wines awaits.<\/p>\n\n\n\n<p>Hotel (example): Feriendomizil am Lindenplatz<\/p>\n\n\n\n<p>Day 4: Bullay \u2013 Cochem<\/p>\n\n\n\n<p>Details: approx. 5.5 hours | 19 km | \u00ad 650 m \u00af 650 m<\/p>\n\n\n\n<p>Beautiful paths lead you high above the river up Mount Petersberg, where the summit cross offers stupendous views down onto the Mosel river bend. After the descent and the river crossing near Neef you ascend Mount Calmont on the other side. You hike up Europe\u2018s steepest vineyard, where grapes are grown on an incline of up to 55 degrees. You proceed via a Roman high-altitude settlement with a view onto the rock spire\u201a \u2018Eller Todesangst\u2018 past the \u2018Galgenlay-Pavillon\u2018 and reach Cochem by train.&nbsp;<\/p>\n\n\n\n<p>Hotel (example): Cochemer Jung<\/p>\n\n\n\n<p>Day 5: Circular walk Cochem<\/p>\n\n\n\n<p>Details: approx. 4 hours | 13 km | \u00ad 350 m \u00af 350 m<\/p>\n\n\n\n<p>You get to visit Beilstein, the \u201amost beautiful of all villageson the river Mosel\u2018 with its lovely half-timber houses andthe Carmelite monastery. You proceed to the Fankel-barrage and continue in close proximity along the Moselriverbanks. In Bruttig we recommend a break before youascend again through the ravine of the Kabainerbach-stream. Hiking directly through the hillside vineyards youcross the rocky Brauselay-mountainsides, which steepedin legends tower as a black cliff over the river. In theafternoon you marvel at the Cochem imperial castle thistime from the water during a pleasurable boat ride.<\/p>\n\n\n\n<p>Hotel (example): Cochemer Jung<\/p>\n\n\n\n<p>Day 6: Cochem \u2013 Treis Karden<\/p>\n\n\n\n<p>Details: approx. 6 hours | 23 km | \u00ad 750 m \u00af 750 m<\/p>\n\n\n\n<p>You ascend to the Pinner-cross, a marvelous rock pulpitlocated above Cochem, either on foot or by chair lift. Along<\/p>\n\n\n\n<p>hiking paths high above the river you proceed to the legendary refuge \u201aWingerts Budche\u2018. The Dortebachtal-<\/p>\n\n\n\n<p>nature reserve, the Pommerer Forest and the via ferrata through the Schilzer-basin provide pleasant walking<\/p>\n\n\n\n<p>conditions in the shade. Through green vineyards you reach Mount Martberg, where you can visit a nicely restored Roman temple complex. Narrow trails snake their way through dense woodland down into the valley and<\/p>\n\n\n\n<p>into the Day Finish Treis-Karden.<\/p>\n\n\n\n<p>Hotel (example): Schlosshotel Petry<\/p>\n\n\n\n<p>Dag 7: 02. Juni.<\/p>\n\n\n\n<p>Vi tager toget hjem- Sommerk\u00f8rerplanen er endnu ikke kommet. Men efter vinterplanen g\u00e5r der tog kl. 1027 med ankomst til Koblenz kl. 1056 og videre til Hamborg med ankomst kl. 1551. Videre til K\u00f8banhavn kl. 1655 med ankomst kl. 2134.&nbsp;<\/p>\n\n\n\n<p>Ankomst \u00c5rhus kl. 2112<\/p>\n\n\n\n<p>Ankomst \u00c5lborg kl. 2251<\/p>\n\n\n\n<p>Ankomst Herning kl. 2157<\/p>\n\n\n\n<p>Alle togtider er efter vinterk\u00f8rerplanen. Sommerk\u00f8rerplanen udkommer 1. december.<\/p>\n\n\n\n<p>\u00d8nsker man af flyve hjem fra Frankfurt k\u00f8ber man egne billetter. Der er overv\u00e6ldende interesse for at tage toget frem og tilbage, s\u00e5 jeg har aflyst den gruppeflyreservation jeg holdt.<\/p>\n\n\n\n<p>Pris for Moselrejser er kr. 6.300,-<\/p>\n\n\n\n<p>Pris for tog ca. kr. 1.200,-<\/p>\n\n\n\n<p>Till\u00e6g enkeltv\u00e6relse kr. 2.025,-<\/p>\n\n\n\n<p><strong>Noget helt specielt:<\/strong> Jeg har overtalt min Genbo Henrik Solk\u00e6r der nu driver <a href=\"https:\/\/gastroclass.dk\/\">https:\/\/gastroclass.dk\/<\/a> og et vinimport firma til at afholde en speciel aften for os i marts. Her vil han give os et indblik i tyske vine, fort\u00e6lle lidt om forskelle mellem druetyper og produktionsmetoder, sidst men ikke mindst give os smagsoplevelser. Ud over selve vinsmagningen vil han servere lidt l\u00f8gt\u00e6rte \u201czwiebelkuchen\u201d og en let tapasanretning.&nbsp;<\/p>\n\n\n\n<p>Arrangementet koster kr. 250 pp og gennemf\u00f8res ved 12 tilmeldinger.&nbsp;<\/p>\n\n\n\n<p>Included&nbsp;<\/p>\n\n\n\n<p>Accommodation as mentioned Breakfast<br>Luggage transfer<br>1 Panoramic boat trip Cochem<br>1 Wine tasting Moselle wines (German, English)&nbsp;<\/p>\n\n\n\n<p>Carefully elaborated route description<br>Detailed travel documents 1x per room (German, English, French)&nbsp;<\/p>\n\n\n\n<p>App for Navigation and GPS-data&nbsp;<\/p>\n\n\n\n<p>Service hotline&nbsp;<\/p>\n","protected":false},"excerpt":{"rendered":"<p>DESCRIPTION\u00a0 High-altitude paths with fabulous views onto the Mosel-river bends, vineyards, wooded mountain chains,countless castles and the best panorama-viewpointsabove the water: your hiking week between Trier anCoblenz is packed full [&hellip;]<\/p>\n","protected":false},"author":1,"featured_media":0,"parent":143,"menu_order":0,"comment_status":"closed","ping_status":"closed","template":"","meta":{"footnotes":""},"class_list":["post-399","page","type-page","status-publish","hentry"],"_links":{"self":[{"href":"https:\/\/www.etnomed.dk\/index.php?rest_route=\/wp\/v2\/pages\/399","targetHints":{"allow":["GET"]}}],"collection":[{"href":"https:\/\/www.etnomed.dk\/index.php?rest_route=\/wp\/v2\/pages"}],"about":[{"href":"https:\/\/www.etnomed.dk\/index.php?rest_route=\/wp\/v2\/types\/page"}],"author":[{"embeddable":true,"href":"https:\/\/www.etnomed.dk\/index.php?rest_route=\/wp\/v2\/users\/1"}],"replies":[{"embeddable":true,"href":"https:\/\/www.etnomed.dk\/index.php?rest_route=%2Fwp%2Fv2%2Fcomments&post=399"}],"version-history":[{"count":2,"href":"https:\/\/www.etnomed.dk\/index.php?rest_route=\/wp\/v2\/pages\/399\/revisions"}],"predecessor-version":[{"id":406,"href":"https:\/\/www.etnomed.dk\/index.php?rest_route=\/wp\/v2\/pages\/399\/revisions\/406"}],"up":[{"embeddable":true,"href":"https:\/\/www.etnomed.dk\/index.php?rest_route=\/wp\/v2\/pages\/143"}],"wp:attachment":[{"href":"https:\/\/www.etnomed.dk\/index.php?rest_route=%2Fwp%2Fv2%2Fmedia&parent=399"}],"curies":[{"name":"wp","href":"https:\/\/api.w.org\/{rel}","templated":true}]}}