{"id":380,"date":"2023-02-05T10:19:22","date_gmt":"2023-02-05T09:19:22","guid":{"rendered":"https:\/\/www.etnomed.dk\/?page_id=380"},"modified":"2023-02-05T10:19:57","modified_gmt":"2023-02-05T09:19:57","slug":"costa-brava-medlemsrejse","status":"publish","type":"page","link":"https:\/\/www.etnomed.dk\/?page_id=380","title":{"rendered":"Costa Brava medlemsrejse"},"content":{"rendered":"\n<p><strong>UDSOLGT<\/strong><\/p>\n\n\n\n<p><strong>Forklaring: M = morgenmad, F = frokost , A = Aftensmad<\/strong><\/p>\n\n\n\n<p><strong>07.05.2023<\/strong><br>Afrejse fra K\u00f8benhavn kl. 0950 med ankomst 9l Barcelona kl. 1250 Transfer from BCN to Roses by minibus<br>Transfer from Roses to Cala Joncols by boat<br>Dinner and overnight at Cala Joncols<br>A<br><br>0<strong>8.05.2023<\/strong><br>Morning actvity: Showcooking (the group will see how a paella is cooked and can partcipate in the elaboraton) + Dinner (paella made during the showcooking)<br>APernoon actvity: Paired tastngs of Wines aged under the sea of Roses.<br>Dinner and overnight at Cala Joncols<br>M\/F\/A<br><br><strong>09.05.2023<\/strong><br>Walk From Cala Joncols \u2013 Cadaques \u2013 Far de Cala Nans (Cadaques) Free lunch at Cadaques<br>Walk to Port Lligat and Visit Dali\u2019s Houst<br>Back to Cadaques. Overningt at Hotel Llan\u00e9 Pett<br>Total Walk: 15 Km M<br><br><strong>10.05.2023<\/strong><br>Bus ride from Cadaques to Cap de Creus Lighthouse<br>Walk from the lighthouse to El Port de la Selva Picnic lunch<br>Dinner and overnight at Hotel Portocristo Total Walk: 20km<br>M\/F\/A<br><br>1<strong>1.05.2023<\/strong><br>Walk from El Port de la Selva to Sant P\u00e8re de Rodes<br>Visit to Sant P\u00e8re de Rodes Monastry<br>Lunch Sant Pere de Rodes Monastry<br>Walk from Sant P\u00e8re de Rodes \u2013 Llan\u00e7\u00e0 Dinner and overnight at Hotel La Goleta Total walk: 14 Km<br>M\/A<br><br><strong>12.05.2023<\/strong><br>Walk from Llan\u00e7\u00e0 to Portbou (via platja del Garbet)<br>Picnic lunch<br>Bus transfer back to Llan\u00e7\u00e0<br>Dinner and overnight at Hotel La Goleta Total Walk: 18Km<br>M\/F\/A<br><br><strong>13.05.2023<\/strong><br>Back to Barcelona airport by bus and fly home Afrejse kl. 1655 med ankomst i K\u00f8benhavn kl. 1955<\/p>\n\n\n\n<p>Pris: Kr. 11.950,- + flybillet.<br>Till\u00e6g for enkeltv\u00e6relse: Kr. 1.690,-<\/p>\n\n\n\n<p>Price includes:<br>Bus from Barcelona to Roses<br>Boat transfer from Roses to Cala Joncols<br>Bus transfer from Cadaques to Cap de Creus Lighthouse Bus transfer from Porbou to Llan\u00e7\u00e0<br>Bus transfer from Llan\u00e7\u00e0 to Barcelona\u2019s Airport<br>Show cooking at Cala Joncols<br>Paired tastings of Wines at Cala Joncols<br>Visit to Dali\u2019s House<br>Breakfast, dinner and overnight at described<br>2 picnic lunch<br>1 accompanying guides<br>Luggage transfer everyday<br>Not included:<br>Entrance to Sant Pere de Rodes Lunch at Cadaques<br>Lunch at St. Pere de Rodes Dinner in Cadaques<br>Wine at dinners<\/p>\n","protected":false},"excerpt":{"rendered":"<p>UDSOLGT Forklaring: M = morgenmad, F = frokost , A = Aftensmad 07.05.2023Afrejse fra K\u00f8benhavn kl. 0950 med ankomst 9l Barcelona kl. 1250 Transfer from BCN to Roses by minibusTransfer [&hellip;]<\/p>\n","protected":false},"author":1,"featured_media":0,"parent":143,"menu_order":0,"comment_status":"closed","ping_status":"closed","template":"","meta":{"footnotes":""},"class_list":["post-380","page","type-page","status-publish","hentry"],"_links":{"self":[{"href":"https:\/\/www.etnomed.dk\/index.php?rest_route=\/wp\/v2\/pages\/380","targetHints":{"allow":["GET"]}}],"collection":[{"href":"https:\/\/www.etnomed.dk\/index.php?rest_route=\/wp\/v2\/pages"}],"about":[{"href":"https:\/\/www.etnomed.dk\/index.php?rest_route=\/wp\/v2\/types\/page"}],"author":[{"embeddable":true,"href":"https:\/\/www.etnomed.dk\/index.php?rest_route=\/wp\/v2\/users\/1"}],"replies":[{"embeddable":true,"href":"https:\/\/www.etnomed.dk\/index.php?rest_route=%2Fwp%2Fv2%2Fcomments&post=380"}],"version-history":[{"count":1,"href":"https:\/\/www.etnomed.dk\/index.php?rest_route=\/wp\/v2\/pages\/380\/revisions"}],"predecessor-version":[{"id":381,"href":"https:\/\/www.etnomed.dk\/index.php?rest_route=\/wp\/v2\/pages\/380\/revisions\/381"}],"up":[{"embeddable":true,"href":"https:\/\/www.etnomed.dk\/index.php?rest_route=\/wp\/v2\/pages\/143"}],"wp:attachment":[{"href":"https:\/\/www.etnomed.dk\/index.php?rest_route=%2Fwp%2Fv2%2Fmedia&parent=380"}],"curies":[{"name":"wp","href":"https:\/\/api.w.org\/{rel}","templated":true}]}}