{"id":37,"date":"2021-03-20T14:13:08","date_gmt":"2021-03-20T13:13:08","guid":{"rendered":"http:\/\/www.etnomed.dk\/?page_id=37"},"modified":"2025-09-06T08:40:32","modified_gmt":"2025-09-06T06:40:32","slug":"colibri-wp","status":"publish","type":"page","link":"https:\/\/www.etnomed.dk\/","title":{"rendered":"DEMS"},"content":{"rendered":"\n<p class=\"has-text-align-center\">Form\u00e5let med Dansk Etnomedicinsk Selskab (DEMS) er at skabe et forum for st\u00f8rre viden om sygdomsforst\u00e5else i  forskellige kulturer.&nbsp;<br><br>  <\/p>\n\n\n\n<p class=\"has-text-align-center\">        <strong>Bes\u00f8gsadresse:<\/strong><\/p>\n\n\n\n<p class=\"has-text-align-center\">        Dansk Etnomedicinsk Selskab<\/p>\n\n\n\n<p class=\"has-text-align-center\">Kildehusvej 32<br> 4000 Roskilde<br><\/p>\n\n\n\n<p><\/p>\n\n\n\n<p><\/p>\n\n\n\n<p><\/p>\n\n\n\n<p><\/p>\n\n\n\n<p><\/p>\n","protected":false},"excerpt":{"rendered":"<p>Form\u00e5let med Dansk Etnomedicinsk Selskab (DEMS) er at skabe et forum for st\u00f8rre viden om sygdomsforst\u00e5else i forskellige kulturer.&nbsp; Bes\u00f8gsadresse: Dansk Etnomedicinsk Selskab Kildehusvej 32 4000 Roskilde<\/p>\n","protected":false},"author":1,"featured_media":0,"parent":0,"menu_order":0,"comment_status":"closed","ping_status":"closed","template":"page-templates\/homepage.php","meta":{"footnotes":""},"class_list":["post-37","page","type-page","status-publish","hentry"],"_links":{"self":[{"href":"https:\/\/www.etnomed.dk\/index.php?rest_route=\/wp\/v2\/pages\/37","targetHints":{"allow":["GET"]}}],"collection":[{"href":"https:\/\/www.etnomed.dk\/index.php?rest_route=\/wp\/v2\/pages"}],"about":[{"href":"https:\/\/www.etnomed.dk\/index.php?rest_route=\/wp\/v2\/types\/page"}],"author":[{"embeddable":true,"href":"https:\/\/www.etnomed.dk\/index.php?rest_route=\/wp\/v2\/users\/1"}],"replies":[{"embeddable":true,"href":"https:\/\/www.etnomed.dk\/index.php?rest_route=%2Fwp%2Fv2%2Fcomments&post=37"}],"version-history":[{"count":10,"href":"https:\/\/www.etnomed.dk\/index.php?rest_route=\/wp\/v2\/pages\/37\/revisions"}],"predecessor-version":[{"id":486,"href":"https:\/\/www.etnomed.dk\/index.php?rest_route=\/wp\/v2\/pages\/37\/revisions\/486"}],"wp:attachment":[{"href":"https:\/\/www.etnomed.dk\/index.php?rest_route=%2Fwp%2Fv2%2Fmedia&parent=37"}],"curies":[{"name":"wp","href":"https:\/\/api.w.org\/{rel}","templated":true}]}}