{"id":261,"date":"2021-08-20T16:04:10","date_gmt":"2021-08-20T14:04:10","guid":{"rendered":"https:\/\/www.etnomed.dk\/?page_id=261"},"modified":"2021-08-20T16:04:10","modified_gmt":"2021-08-20T14:04:10","slug":"formaal-og-historie","status":"publish","type":"page","link":"https:\/\/www.etnomed.dk\/?page_id=261","title":{"rendered":"Form\u00e5l og historie"},"content":{"rendered":"\n<p><strong>Form\u00e5l.<\/strong><\/p>\n\n\n\n<p>Form\u00e5let med Dansk Etnomedicinsk Selskab (DEMS) er at skabe et forum for st\u00f8rre viden om sygdomsforst\u00e5else i forskellige kulturer.\u00a0<\/p>\n\n\n\n<p><\/p>\n\n\n\n<p><\/p>\n\n\n\n<p><strong>Selskabets historie.<\/strong><\/p>\n\n\n\n<p>gb\u00e6ofgu-jacn-ldbjc<\/p>\n","protected":false},"excerpt":{"rendered":"<p>Form\u00e5l. Form\u00e5let med Dansk Etnomedicinsk Selskab (DEMS) er at skabe et forum for st\u00f8rre viden om sygdomsforst\u00e5else i forskellige kulturer.\u00a0 Selskabets historie. gb\u00e6ofgu-jacn-ldbjc<\/p>\n","protected":false},"author":1,"featured_media":0,"parent":0,"menu_order":0,"comment_status":"closed","ping_status":"closed","template":"","meta":{"footnotes":""},"class_list":["post-261","page","type-page","status-publish","hentry"],"_links":{"self":[{"href":"https:\/\/www.etnomed.dk\/index.php?rest_route=\/wp\/v2\/pages\/261","targetHints":{"allow":["GET"]}}],"collection":[{"href":"https:\/\/www.etnomed.dk\/index.php?rest_route=\/wp\/v2\/pages"}],"about":[{"href":"https:\/\/www.etnomed.dk\/index.php?rest_route=\/wp\/v2\/types\/page"}],"author":[{"embeddable":true,"href":"https:\/\/www.etnomed.dk\/index.php?rest_route=\/wp\/v2\/users\/1"}],"replies":[{"embeddable":true,"href":"https:\/\/www.etnomed.dk\/index.php?rest_route=%2Fwp%2Fv2%2Fcomments&post=261"}],"version-history":[{"count":1,"href":"https:\/\/www.etnomed.dk\/index.php?rest_route=\/wp\/v2\/pages\/261\/revisions"}],"predecessor-version":[{"id":262,"href":"https:\/\/www.etnomed.dk\/index.php?rest_route=\/wp\/v2\/pages\/261\/revisions\/262"}],"wp:attachment":[{"href":"https:\/\/www.etnomed.dk\/index.php?rest_route=%2Fwp%2Fv2%2Fmedia&parent=261"}],"curies":[{"name":"wp","href":"https:\/\/api.w.org\/{rel}","templated":true}]}}