{"id":254,"date":"2021-08-20T14:47:47","date_gmt":"2021-08-20T12:47:47","guid":{"rendered":"https:\/\/www.etnomed.dk\/?page_id=254"},"modified":"2021-08-20T16:07:15","modified_gmt":"2021-08-20T14:07:15","slug":"indmeldelse-i-dems","status":"publish","type":"page","link":"https:\/\/www.etnomed.dk\/?page_id=254","title":{"rendered":"Indmeldelse i DEMS"},"content":{"rendered":"\n<p>Du melder dig ind i DEMS p\u00e5 to m\u00e5neder:&nbsp;<\/p>\n\n\n\n<p>som l\u00e6ge kan du g\u00e5 ind p\u00e5&nbsp;<a href=\"http:\/\/www.xn--lger-voa.dk\/\" target=\"_blank\" rel=\"noreferrer noopener\">www.l\u00e6ger.dk<\/a>&nbsp;p\u00e5 min side:&nbsp;&nbsp;&nbsp;<a href=\"https:\/\/minside.laeger.dk\/\" target=\"_blank\" rel=\"noreferrer noopener\">https:\/\/minside.laeger.dk<\/a><\/p>\n\n\n\n<p>og der indmelde i&nbsp;<em>Dansk Etnomedicinsk Selskab &#8212; Indmeldelse HER<\/em><\/p>\n\n\n\n<p>Hvis du ikke er medlem af DADL kan du sende en mail til kassereren p\u00e5 mail adresse\u00a0<a rel=\"noreferrer noopener\" href=\"mailto:f.zeuthen@dadlnet.dk\" target=\"_blank\">f.zeuthen@dadlnet.dk<\/a><\/p>\n\n\n\n<p><\/p>\n\n\n\n<p><\/p>\n\n\n\n<p><strong>Kontingent<\/strong> : Kontingent kr. 300,-<br><\/p>\n","protected":false},"excerpt":{"rendered":"<p>Du melder dig ind i DEMS p\u00e5 to m\u00e5neder:&nbsp; som l\u00e6ge kan du g\u00e5 ind p\u00e5&nbsp;www.l\u00e6ger.dk&nbsp;p\u00e5 min side:&nbsp;&nbsp;&nbsp;https:\/\/minside.laeger.dk og der indmelde i&nbsp;Dansk Etnomedicinsk Selskab &#8212; Indmeldelse HER Hvis du ikke [&hellip;]<\/p>\n","protected":false},"author":1,"featured_media":0,"parent":0,"menu_order":0,"comment_status":"closed","ping_status":"closed","template":"","meta":{"footnotes":""},"class_list":["post-254","page","type-page","status-publish","hentry"],"_links":{"self":[{"href":"https:\/\/www.etnomed.dk\/index.php?rest_route=\/wp\/v2\/pages\/254","targetHints":{"allow":["GET"]}}],"collection":[{"href":"https:\/\/www.etnomed.dk\/index.php?rest_route=\/wp\/v2\/pages"}],"about":[{"href":"https:\/\/www.etnomed.dk\/index.php?rest_route=\/wp\/v2\/types\/page"}],"author":[{"embeddable":true,"href":"https:\/\/www.etnomed.dk\/index.php?rest_route=\/wp\/v2\/users\/1"}],"replies":[{"embeddable":true,"href":"https:\/\/www.etnomed.dk\/index.php?rest_route=%2Fwp%2Fv2%2Fcomments&post=254"}],"version-history":[{"count":4,"href":"https:\/\/www.etnomed.dk\/index.php?rest_route=\/wp\/v2\/pages\/254\/revisions"}],"predecessor-version":[{"id":266,"href":"https:\/\/www.etnomed.dk\/index.php?rest_route=\/wp\/v2\/pages\/254\/revisions\/266"}],"wp:attachment":[{"href":"https:\/\/www.etnomed.dk\/index.php?rest_route=%2Fwp%2Fv2%2Fmedia&parent=254"}],"curies":[{"name":"wp","href":"https:\/\/api.w.org\/{rel}","templated":true}]}}