{"id":132,"date":"2021-03-20T14:39:00","date_gmt":"2021-03-20T13:39:00","guid":{"rendered":"http:\/\/www.etnomed.dk\/?page_id=132"},"modified":"2024-12-06T09:18:42","modified_gmt":"2024-12-06T08:18:42","slug":"beststyrelsen","status":"publish","type":"page","link":"https:\/\/www.etnomed.dk\/?page_id=132","title":{"rendered":"Bestyrelsen"},"content":{"rendered":"\n<p><strong>Caspar Sutton<\/strong>,  Antropolog og Sekret\u00e6r for DEMS<\/p>\n\n\n\n<p><strong>Marianne Carnera<\/strong>, Praktisernede l\u00e6ge<\/p>\n\n\n\n<p><strong>Christine Bomholt<\/strong>, &nbsp;Praktiserende l\u00e6ge,  Br\u00f8ndbyvester<\/p>\n\n\n\n<p><strong>Elsebeth Hansen<\/strong>,&nbsp;Praktiserende l\u00e6ge, \u00d8sterbro, Kbh<\/p>\n\n\n\n<p><strong>Frederik Zeuthen,<\/strong>&nbsp;&nbsp;Praktiserende l\u00e6ge, Roskilde &amp; Kasserer for DEMS<\/p>\n\n\n\n<p><strong>Jette Malinovsky<\/strong>, Praktiserende l\u00e6ge, Esperg\u00e6rde<\/p>\n\n\n\n<p><strong>Line Jepsen<\/strong>, Praktiserende l\u00e6ge &amp; Formand for DEMS<\/p>\n\n\n\n<p><\/p>\n","protected":false},"excerpt":{"rendered":"<p>Caspar Sutton, Antropolog og Sekret\u00e6r for DEMS Marianne Carnera, Praktisernede l\u00e6ge Christine Bomholt, &nbsp;Praktiserende l\u00e6ge, Br\u00f8ndbyvester Elsebeth Hansen,&nbsp;Praktiserende l\u00e6ge, \u00d8sterbro, Kbh Frederik Zeuthen,&nbsp;&nbsp;Praktiserende l\u00e6ge, Roskilde &amp; Kasserer for DEMS Jette [&hellip;]<\/p>\n","protected":false},"author":1,"featured_media":0,"parent":0,"menu_order":0,"comment_status":"closed","ping_status":"closed","template":"","meta":{"footnotes":""},"class_list":["post-132","page","type-page","status-publish","hentry"],"_links":{"self":[{"href":"https:\/\/www.etnomed.dk\/index.php?rest_route=\/wp\/v2\/pages\/132","targetHints":{"allow":["GET"]}}],"collection":[{"href":"https:\/\/www.etnomed.dk\/index.php?rest_route=\/wp\/v2\/pages"}],"about":[{"href":"https:\/\/www.etnomed.dk\/index.php?rest_route=\/wp\/v2\/types\/page"}],"author":[{"embeddable":true,"href":"https:\/\/www.etnomed.dk\/index.php?rest_route=\/wp\/v2\/users\/1"}],"replies":[{"embeddable":true,"href":"https:\/\/www.etnomed.dk\/index.php?rest_route=%2Fwp%2Fv2%2Fcomments&post=132"}],"version-history":[{"count":11,"href":"https:\/\/www.etnomed.dk\/index.php?rest_route=\/wp\/v2\/pages\/132\/revisions"}],"predecessor-version":[{"id":444,"href":"https:\/\/www.etnomed.dk\/index.php?rest_route=\/wp\/v2\/pages\/132\/revisions\/444"}],"wp:attachment":[{"href":"https:\/\/www.etnomed.dk\/index.php?rest_route=%2Fwp%2Fv2%2Fmedia&parent=132"}],"curies":[{"name":"wp","href":"https:\/\/api.w.org\/{rel}","templated":true}]}}